{"id":14039,"date":"2020-04-05T19:20:29","date_gmt":"2020-04-05T22:20:29","guid":{"rendered":"https:\/\/leexmedical.com\/product\/f9e\/"},"modified":"2020-04-05T19:20:29","modified_gmt":"2020-04-05T22:20:29","slug":"f9e","status":"publish","type":"product","link":"https:\/\/leexmedical.com\/en\/product\/f9e\/","title":{"rendered":"F9E"},"content":{"rendered":"<p>Monitor materno fetal LEEX provee soluciones en consultorios de obstetricia, especialmente desde el pre hasta pos parto.<\/p>\n<p>Monitor F9 Express de 12,1\u2033, obtiene mediciones confiables e incorpora las \u00faltimas prestaciones del mercado orientado al monitoreo de la mam\u00e1 y del beb\u00e9 por nacer.<br \/>\nEsta l\u00ednea le permite monitorear con curvas y valores de la frecuencia card\u00edaca fetal (FHR), las contracciones uterinas (TOCO), movimientos fetales manual y autom\u00e1tica (MFM y AFM), y monitorear par\u00e1metros maternos de electrocardiograf\u00eda (MECG), saturaci\u00f3n (SpO2), presi\u00f3n no invasiva (PNI) y temperatura (Temp).<br \/>\nOpcionalmente puede incorporar informaci\u00f3n de la frecuencia card\u00edaca fetal directa (FDHR) y de la presi\u00f3n intrauterina (IUP).<\/p>\n","protected":false},"excerpt":{"rendered":"<p>La l\u00ednea de monitores Materno &#038; Fetal Leex ayuda a prevenir complicaciones al permitir hacer seguimiento de la frecuencia card\u00edaca fetal, la actividad uterina, intrauterina, movimiento fetales y el monitoreo de signos vitales de la madre.<\/p>\n","protected":false},"featured_media":0,"template":"","meta":{"content-type":"","_joinchat":[]},"product_brand":[],"product_cat":[319],"product_tag":[],"class_list":{"0":"post-14039","1":"product","2":"type-product","3":"status-publish","5":"product_cat-various","7":"first","8":"instock","9":"shipping-taxable","10":"product-type-simple"},"yoast_head":"<!-- This site is optimized with the Yoast SEO plugin v26.6 - https:\/\/yoast.com\/wordpress\/plugins\/seo\/ -->\n<title>F9E - LEEX<\/title>\n<meta name=\"robots\" content=\"index, follow, max-snippet:-1, max-image-preview:large, max-video-preview:-1\" \/>\n<link rel=\"canonical\" href=\"https:\/\/leexmedical.com\/en\/product\/f9e\/\" \/>\n<meta property=\"og:locale\" content=\"en_US\" \/>\n<meta property=\"og:type\" content=\"article\" \/>\n<meta property=\"og:title\" content=\"F9E - LEEX\" \/>\n<meta property=\"og:description\" content=\"La l\u00ednea de monitores Materno &amp; Fetal Leex ayuda a prevenir complicaciones al permitir hacer seguimiento de la frecuencia card\u00edaca fetal, la actividad uterina, intrauterina, movimiento fetales y el monitoreo de signos vitales de la madre.\" \/>\n<meta property=\"og:url\" content=\"https:\/\/leexmedical.com\/en\/product\/f9e\/\" \/>\n<meta property=\"og:site_name\" content=\"LEEX\" \/>\n<meta name=\"twitter:card\" content=\"summary_large_image\" \/>\n<meta name=\"twitter:label1\" content=\"Est. reading time\" \/>\n\t<meta name=\"twitter:data1\" content=\"1 minute\" \/>\n<script type=\"application\/ld+json\" class=\"yoast-schema-graph\">{\"@context\":\"https:\/\/schema.org\",\"@graph\":[{\"@type\":\"WebPage\",\"@id\":\"https:\/\/leexmedical.com\/en\/product\/f9e\/\",\"url\":\"https:\/\/leexmedical.com\/en\/product\/f9e\/\",\"name\":\"F9E - LEEX\",\"isPartOf\":{\"@id\":\"https:\/\/leexmedical.com\/#website\"},\"datePublished\":\"2020-04-05T22:20:29+00:00\",\"breadcrumb\":{\"@id\":\"https:\/\/leexmedical.com\/en\/product\/f9e\/#breadcrumb\"},\"inLanguage\":\"en-US\",\"potentialAction\":[{\"@type\":\"ReadAction\",\"target\":[\"https:\/\/leexmedical.com\/en\/product\/f9e\/\"]}]},{\"@type\":\"BreadcrumbList\",\"@id\":\"https:\/\/leexmedical.com\/en\/product\/f9e\/#breadcrumb\",\"itemListElement\":[{\"@type\":\"ListItem\",\"position\":1,\"name\":\"Portada\",\"item\":\"https:\/\/leexmedical.com\/en\/\"},{\"@type\":\"ListItem\",\"position\":2,\"name\":\"Tienda\",\"item\":\"https:\/\/leexmedical.com\/tienda\/\"},{\"@type\":\"ListItem\",\"position\":3,\"name\":\"F9E\"}]},{\"@type\":\"WebSite\",\"@id\":\"https:\/\/leexmedical.com\/#website\",\"url\":\"https:\/\/leexmedical.com\/\",\"name\":\"LEEX\",\"description\":\"Soluciones en tecnolog\u00eda m\u00e9dica\",\"publisher\":{\"@id\":\"https:\/\/leexmedical.com\/#organization\"},\"potentialAction\":[{\"@type\":\"SearchAction\",\"target\":{\"@type\":\"EntryPoint\",\"urlTemplate\":\"https:\/\/leexmedical.com\/?s={search_term_string}\"},\"query-input\":{\"@type\":\"PropertyValueSpecification\",\"valueRequired\":true,\"valueName\":\"search_term_string\"}}],\"inLanguage\":\"en-US\"},{\"@type\":\"Organization\",\"@id\":\"https:\/\/leexmedical.com\/#organization\",\"name\":\"Leex\",\"url\":\"https:\/\/leexmedical.com\/\",\"logo\":{\"@type\":\"ImageObject\",\"inLanguage\":\"en-US\",\"@id\":\"https:\/\/leexmedical.com\/#\/schema\/logo\/image\/\",\"url\":\"https:\/\/leexmedical.com\/wp-content\/uploads\/2020\/02\/cropped-LEEX-NEW-LOGO-web-2.png\",\"contentUrl\":\"https:\/\/leexmedical.com\/wp-content\/uploads\/2020\/02\/cropped-LEEX-NEW-LOGO-web-2.png\",\"width\":548,\"height\":250,\"caption\":\"Leex\"},\"image\":{\"@id\":\"https:\/\/leexmedical.com\/#\/schema\/logo\/image\/\"},\"sameAs\":[\"https:\/\/www.instagram.com\/leexmedical\/\"]}]}<\/script>\n<!-- \/ Yoast SEO plugin. -->","yoast_head_json":{"title":"F9E - LEEX","robots":{"index":"index","follow":"follow","max-snippet":"max-snippet:-1","max-image-preview":"max-image-preview:large","max-video-preview":"max-video-preview:-1"},"canonical":"https:\/\/leexmedical.com\/en\/product\/f9e\/","og_locale":"en_US","og_type":"article","og_title":"F9E - LEEX","og_description":"La l\u00ednea de monitores Materno & Fetal Leex ayuda a prevenir complicaciones al permitir hacer seguimiento de la frecuencia card\u00edaca fetal, la actividad uterina, intrauterina, movimiento fetales y el monitoreo de signos vitales de la madre.","og_url":"https:\/\/leexmedical.com\/en\/product\/f9e\/","og_site_name":"LEEX","twitter_card":"summary_large_image","twitter_misc":{"Est. reading time":"1 minute"},"schema":{"@context":"https:\/\/schema.org","@graph":[{"@type":"WebPage","@id":"https:\/\/leexmedical.com\/en\/product\/f9e\/","url":"https:\/\/leexmedical.com\/en\/product\/f9e\/","name":"F9E - LEEX","isPartOf":{"@id":"https:\/\/leexmedical.com\/#website"},"datePublished":"2020-04-05T22:20:29+00:00","breadcrumb":{"@id":"https:\/\/leexmedical.com\/en\/product\/f9e\/#breadcrumb"},"inLanguage":"en-US","potentialAction":[{"@type":"ReadAction","target":["https:\/\/leexmedical.com\/en\/product\/f9e\/"]}]},{"@type":"BreadcrumbList","@id":"https:\/\/leexmedical.com\/en\/product\/f9e\/#breadcrumb","itemListElement":[{"@type":"ListItem","position":1,"name":"Portada","item":"https:\/\/leexmedical.com\/en\/"},{"@type":"ListItem","position":2,"name":"Tienda","item":"https:\/\/leexmedical.com\/tienda\/"},{"@type":"ListItem","position":3,"name":"F9E"}]},{"@type":"WebSite","@id":"https:\/\/leexmedical.com\/#website","url":"https:\/\/leexmedical.com\/","name":"LEEX","description":"Soluciones en tecnolog\u00eda m\u00e9dica","publisher":{"@id":"https:\/\/leexmedical.com\/#organization"},"potentialAction":[{"@type":"SearchAction","target":{"@type":"EntryPoint","urlTemplate":"https:\/\/leexmedical.com\/?s={search_term_string}"},"query-input":{"@type":"PropertyValueSpecification","valueRequired":true,"valueName":"search_term_string"}}],"inLanguage":"en-US"},{"@type":"Organization","@id":"https:\/\/leexmedical.com\/#organization","name":"Leex","url":"https:\/\/leexmedical.com\/","logo":{"@type":"ImageObject","inLanguage":"en-US","@id":"https:\/\/leexmedical.com\/#\/schema\/logo\/image\/","url":"https:\/\/leexmedical.com\/wp-content\/uploads\/2020\/02\/cropped-LEEX-NEW-LOGO-web-2.png","contentUrl":"https:\/\/leexmedical.com\/wp-content\/uploads\/2020\/02\/cropped-LEEX-NEW-LOGO-web-2.png","width":548,"height":250,"caption":"Leex"},"image":{"@id":"https:\/\/leexmedical.com\/#\/schema\/logo\/image\/"},"sameAs":["https:\/\/www.instagram.com\/leexmedical\/"]}]}},"_links":{"self":[{"href":"https:\/\/leexmedical.com\/en\/wp-json\/wp\/v2\/product\/14039","targetHints":{"allow":["GET"]}}],"collection":[{"href":"https:\/\/leexmedical.com\/en\/wp-json\/wp\/v2\/product"}],"about":[{"href":"https:\/\/leexmedical.com\/en\/wp-json\/wp\/v2\/types\/product"}],"wp:attachment":[{"href":"https:\/\/leexmedical.com\/en\/wp-json\/wp\/v2\/media?parent=14039"}],"wp:term":[{"taxonomy":"product_brand","embeddable":true,"href":"https:\/\/leexmedical.com\/en\/wp-json\/wp\/v2\/product_brand?post=14039"},{"taxonomy":"product_cat","embeddable":true,"href":"https:\/\/leexmedical.com\/en\/wp-json\/wp\/v2\/product_cat?post=14039"},{"taxonomy":"product_tag","embeddable":true,"href":"https:\/\/leexmedical.com\/en\/wp-json\/wp\/v2\/product_tag?post=14039"}],"curies":[{"name":"wp","href":"https:\/\/api.w.org\/{rel}","templated":true}]}}